{"id":64,"date":"2018-12-09T18:45:51","date_gmt":"2018-12-09T17:45:51","guid":{"rendered":"http:\/\/sud-sdis62.fr\/?page_id=64"},"modified":"2025-03-19T13:11:22","modified_gmt":"2025-03-19T12:11:22","slug":"le-bureau","status":"publish","type":"page","link":"https:\/\/sud-sdis62.fr\/index.php\/le-bureau\/","title":{"rendered":"Le bureau"},"content":{"rendered":"\n<p>Secr\u00e9taire g\u00e9n\u00e9ral \u00a0: Jean-Charles Tirmarche  Tel: 06.50.09.38.29<\/p>\n\n\n\n<p>Secr\u00e9taire g\u00e9n\u00e9ral adjoint : Aurelien Quehen Tel: 07.67.16.64.04<\/p>\n\n\n\n<p>Secr\u00e9taire g\u00e9n\u00e9ral adjoint : Maxime Sauvage   Tel: 06.73.28.81.30<\/p>\n\n\n\n<p>D\u00e9l\u00e9gu\u00e9e principale d\u00e9partementale : Ga\u00eblle Decroix Tel: 06.22.57.54.59<\/p>\n\n\n\n<p>R\u00e9sponsable communication : Jean-fran\u00e7ois Piquet Tel: 06.64.33.99.00<\/p>\n\n\n\n<p>D\u00e9l\u00e9gu\u00e9 de bureau : George Normand Tel: 06.51.79.74.36<\/p>\n\n\n\n<p><\/p>\n\n\n\n<p><\/p>\n\n\n\n<p>Mail du bureau<span class=\"has-inline-color has-pale-pink-color\"><strong>: <a href=\"mailto:bureau@sud-sdis62.fr\">bureau@sud-sdis62.fr<\/a><\/strong><\/span><\/p>\n\n\n\n<figure class=\"wp-block-image size-large\"><img loading=\"lazy\" width=\"1024\" height=\"580\" src=\"http:\/\/sud-sdis62.fr\/wp-content\/uploads\/2025\/03\/WhatsApp-Image-2025-03-19-at-13.07.41-1024x580.jpeg\" alt=\"\" class=\"wp-image-2161\" srcset=\"https:\/\/sud-sdis62.fr\/wp-content\/uploads\/2025\/03\/WhatsApp-Image-2025-03-19-at-13.07.41-1024x580.jpeg 1024w, https:\/\/sud-sdis62.fr\/wp-content\/uploads\/2025\/03\/WhatsApp-Image-2025-03-19-at-13.07.41-300x170.jpeg 300w, https:\/\/sud-sdis62.fr\/wp-content\/uploads\/2025\/03\/WhatsApp-Image-2025-03-19-at-13.07.41-768x435.jpeg 768w, https:\/\/sud-sdis62.fr\/wp-content\/uploads\/2025\/03\/WhatsApp-Image-2025-03-19-at-13.07.41-640x362.jpeg 640w, https:\/\/sud-sdis62.fr\/wp-content\/uploads\/2025\/03\/WhatsApp-Image-2025-03-19-at-13.07.41.jpeg 1164w\" sizes=\"(max-width: 1024px) 100vw, 1024px\" \/><\/figure>\n\n\n\n<p><\/p>\n\n\n\n\n\n<p><\/p>\n","protected":false},"excerpt":{"rendered":"<p>Secr\u00e9taire g\u00e9n\u00e9ral \u00a0: Jean-Charles Tirmarche Tel: 06.50.09.38.29 Secr\u00e9taire g\u00e9n\u00e9ral adjoint : Aurelien Quehen Tel: 07.67.16.64.04 Secr\u00e9taire g\u00e9n\u00e9ral adjoint : Maxime Sauvage Tel: 06.73.28.81.30 D\u00e9l\u00e9gu\u00e9e principale d\u00e9partementale : Ga\u00eblle Decroix Tel: 06.22.57.54.59 R\u00e9sponsable communication : Jean-fran\u00e7ois Piquet Tel: 06.64.33.99.00 D\u00e9l\u00e9gu\u00e9 de bureau : George Normand Tel: 06.51.79.74.36 Mail du bureau: bureau@sud-sdis62.fr<\/p>\n","protected":false},"author":1,"featured_media":0,"parent":0,"menu_order":0,"comment_status":"closed","ping_status":"closed","template":"","meta":{"_EventAllDay":false,"_EventTimezone":"","_EventStartDate":"","_EventEndDate":"","_EventStartDateUTC":"","_EventEndDateUTC":"","_EventShowMap":false,"_EventShowMapLink":false,"_EventURL":"","_EventCost":"","_EventCostDescription":"","_EventCurrencySymbol":"","_EventCurrencyPosition":"","_EventDateTimeSeparator":"","_EventTimeRangeSeparator":"","_EventOrganizerID":[],"_EventVenueID":0,"_OrganizerEmail":"","_OrganizerPhone":"","_OrganizerWebsite":"","_VenueAddress":"","_VenueCity":"","_VenueCountry":"","_VenueProvince":"","_VenueZip":"","_VenuePhone":"","_VenueURL":"","_VenueStateProvince":"","_VenueLat":"","_VenueLng":""},"_links":{"self":[{"href":"https:\/\/sud-sdis62.fr\/index.php\/wp-json\/wp\/v2\/pages\/64"}],"collection":[{"href":"https:\/\/sud-sdis62.fr\/index.php\/wp-json\/wp\/v2\/pages"}],"about":[{"href":"https:\/\/sud-sdis62.fr\/index.php\/wp-json\/wp\/v2\/types\/page"}],"author":[{"embeddable":true,"href":"https:\/\/sud-sdis62.fr\/index.php\/wp-json\/wp\/v2\/users\/1"}],"replies":[{"embeddable":true,"href":"https:\/\/sud-sdis62.fr\/index.php\/wp-json\/wp\/v2\/comments?post=64"}],"version-history":[{"count":14,"href":"https:\/\/sud-sdis62.fr\/index.php\/wp-json\/wp\/v2\/pages\/64\/revisions"}],"predecessor-version":[{"id":2162,"href":"https:\/\/sud-sdis62.fr\/index.php\/wp-json\/wp\/v2\/pages\/64\/revisions\/2162"}],"wp:attachment":[{"href":"https:\/\/sud-sdis62.fr\/index.php\/wp-json\/wp\/v2\/media?parent=64"}],"curies":[{"name":"wp","href":"https:\/\/api.w.org\/{rel}","templated":true}]}}